{"id":29594,"date":"2024-02-28T08:05:44","date_gmt":"2024-02-28T08:05:44","guid":{"rendered":"https:\/\/bounciasports.com\/succes-de-lenquete\/"},"modified":"2024-12-13T12:19:11","modified_gmt":"2024-12-13T12:19:11","slug":"succes-de-lenquete","status":"publish","type":"page","link":"https:\/\/bounciasports.com\/fr\/succes-de-lenquete\/","title":{"rendered":"Succ\u00e8s de l&rsquo;enqu\u00eate"},"content":{"rendered":"\t\t<div data-elementor-type=\"wp-page\" data-elementor-id=\"29594\" class=\"elementor elementor-29594 elementor-13427\" data-elementor-post-type=\"page\">\n\t\t\t\t\t\t<section class=\"elementor-section elementor-top-section elementor-element elementor-element-82075d7 elementor-section-boxed elementor-section-height-default elementor-section-height-default\" data-id=\"82075d7\" data-element_type=\"section\" data-e-type=\"section\">\n\t\t\t\t\t\t<div class=\"elementor-container elementor-column-gap-default\">\n\t\t\t\t\t<div class=\"elementor-column elementor-col-50 elementor-top-column elementor-element elementor-element-02f9a80\" data-id=\"02f9a80\" data-element_type=\"column\" data-e-type=\"column\">\n\t\t\t<div class=\"elementor-widget-wrap elementor-element-populated\">\n\t\t\t\t\t\t<div class=\"elementor-element elementor-element-abf851d elementor-widget elementor-widget-heading\" data-id=\"abf851d\" data-element_type=\"widget\" data-e-type=\"widget\" data-widget_type=\"heading.default\">\n\t\t\t\t<div class=\"elementor-widget-container\">\n\t\t\t\t\t<h1 class=\"elementor-heading-title elementor-size-default\">Succ\u00e8s de l'enqu\u00eate<\/h1>\t\t\t\t<\/div>\n\t\t\t\t<\/div>\n\t\t\t\t<div class=\"elementor-element elementor-element-8815891 elementor-widget elementor-widget-text-editor\" data-id=\"8815891\" data-element_type=\"widget\" data-e-type=\"widget\" data-widget_type=\"text-editor.default\">\n\t\t\t\t<div class=\"elementor-widget-container\">\n\t\t\t\t\t\t\t\t\t<h6>Merci de nous avoir contact\u00e9s ! Nous prendrons contact avec vous dans les plus brefs d\u00e9lais. <\/h6>\n\t\t\t\t\t\t\t\t<\/div>\n\t\t\t\t<\/div>\n\t\t\t\t<div class=\"elementor-element elementor-element-d6d32ca elementor-widget elementor-widget-button\" data-id=\"d6d32ca\" data-element_type=\"widget\" data-e-type=\"widget\" data-widget_type=\"button.default\">\n\t\t\t\t<div class=\"elementor-widget-container\">\n\t\t\t\t\t\t\t\t\t<div class=\"elementor-button-wrapper\">\n\t\t\t\t\t<a class=\"elementor-button elementor-button-link elementor-size-sm\" href=\"https:\/\/bounciasports.com\/fr\/\">\n\t\t\t\t\t\t<span class=\"elementor-button-content-wrapper\">\n\t\t\t\t\t\t\t\t\t<span class=\"elementor-button-text\">Retour \u00e0 la page d'accueil<\/span>\n\t\t\t\t\t<\/span>\n\t\t\t\t\t<\/a>\n\t\t\t\t<\/div>\n\t\t\t\t\t\t\t\t<\/div>\n\t\t\t\t<\/div>\n\t\t\t\t\t<\/div>\n\t\t<\/div>\n\t\t\t\t<div class=\"elementor-column elementor-col-50 elementor-top-column elementor-element elementor-element-63a6edb\" data-id=\"63a6edb\" data-element_type=\"column\" data-e-type=\"column\">\n\t\t\t<div class=\"elementor-widget-wrap elementor-element-populated\">\n\t\t\t\t\t\t<div class=\"elementor-element elementor-element-b6f68e1 elementor-widget elementor-widget-image\" data-id=\"b6f68e1\" data-element_type=\"widget\" data-e-type=\"widget\" data-widget_type=\"image.default\">\n\t\t\t\t<div class=\"elementor-widget-container\">\n\t\t\t\t\t\t\t\t\t\t\t\t\t\t\t<img fetchpriority=\"high\" decoding=\"async\" width=\"748\" height=\"350\" src=\"https:\/\/bounciasports.com\/wp-content\/uploads\/2023\/11\/\u5408\u4f5c.jpg\" class=\"attachment-large size-large wp-image-25772\" alt=\"\" srcset=\"https:\/\/bounciasports.com\/wp-content\/uploads\/2023\/11\/\u5408\u4f5c.jpg 748w, https:\/\/bounciasports.com\/wp-content\/uploads\/2023\/11\/\u5408\u4f5c-300x140.jpg 300w, https:\/\/bounciasports.com\/wp-content\/uploads\/2023\/11\/\u5408\u4f5c-600x281.jpg 600w\" sizes=\"(max-width: 748px) 100vw, 748px\" \/>\t\t\t\t\t\t\t\t\t\t\t\t\t\t\t<\/div>\n\t\t\t\t<\/div>\n\t\t\t\t\t<\/div>\n\t\t<\/div>\n\t\t\t\t\t<\/div>\n\t\t<\/section>\n\t\t\t\t<\/div>\n\t\t","protected":false},"excerpt":{"rendered":"<p>Succ\u00e8s de l&rsquo;enqu\u00eate Merci de nous avoir contact\u00e9s ! Nous prendrons contact avec vous dans les plus brefs d\u00e9lais. Retour \u00e0 la page d&rsquo;accueil<\/p>\n","protected":false},"author":1,"featured_media":0,"parent":0,"menu_order":270,"comment_status":"closed","ping_status":"closed","template":"","meta":{"_acf_changed":false,"_mo_disable_npp":"","footnotes":""},"class_list":["post-29594","page","type-page","status-publish","hentry"],"acf":[],"yoast_head":"<!-- This site is optimized with the Yoast SEO plugin v27.3 - https:\/\/yoast.com\/product\/yoast-seo-wordpress\/ -->\n<title>Succ\u00e8s de l&#039;enqu\u00eate - Bouncia |Inflatable Water Park Factory and Other Sports Inflatables Supplier<\/title>\n<meta name=\"robots\" content=\"index, follow, max-snippet:-1, max-image-preview:large, max-video-preview:-1\" \/>\n<link rel=\"canonical\" href=\"https:\/\/bounciasports.com\/fr\/succes-de-lenquete\/\" \/>\n<meta property=\"og:locale\" content=\"fr_FR\" \/>\n<meta property=\"og:type\" content=\"article\" \/>\n<meta property=\"og:title\" content=\"Succ\u00e8s de l&#039;enqu\u00eate - Bouncia |Inflatable Water Park Factory and Other Sports Inflatables Supplier\" \/>\n<meta property=\"og:description\" content=\"Succ\u00e8s de l&rsquo;enqu\u00eate Merci de nous avoir contact\u00e9s ! Nous prendrons contact avec vous dans les plus brefs d\u00e9lais. Retour \u00e0 la page d&rsquo;accueil\" \/>\n<meta property=\"og:url\" content=\"https:\/\/bounciasports.com\/fr\/succes-de-lenquete\/\" \/>\n<meta property=\"og:site_name\" content=\"Bouncia |Inflatable Water Park Factory and Other Sports Inflatables Supplier\" \/>\n<meta property=\"article:publisher\" content=\"https:\/\/www.facebook.com\/bounciasports\" \/>\n<meta property=\"article:modified_time\" content=\"2024-12-13T12:19:11+00:00\" \/>\n<meta name=\"twitter:card\" content=\"summary_large_image\" \/>\n<!-- \/ Yoast SEO plugin. -->","yoast_head_json":{"title":"Succ\u00e8s de l'enqu\u00eate - Bouncia |Inflatable Water Park Factory and Other Sports Inflatables Supplier","robots":{"index":"index","follow":"follow","max-snippet":"max-snippet:-1","max-image-preview":"max-image-preview:large","max-video-preview":"max-video-preview:-1"},"canonical":"https:\/\/bounciasports.com\/fr\/succes-de-lenquete\/","og_locale":"fr_FR","og_type":"article","og_title":"Succ\u00e8s de l'enqu\u00eate - Bouncia |Inflatable Water Park Factory and Other Sports Inflatables Supplier","og_description":"Succ\u00e8s de l&rsquo;enqu\u00eate Merci de nous avoir contact\u00e9s ! Nous prendrons contact avec vous dans les plus brefs d\u00e9lais. Retour \u00e0 la page d&rsquo;accueil","og_url":"https:\/\/bounciasports.com\/fr\/succes-de-lenquete\/","og_site_name":"Bouncia |Inflatable Water Park Factory and Other Sports Inflatables Supplier","article_publisher":"https:\/\/www.facebook.com\/bounciasports","article_modified_time":"2024-12-13T12:19:11+00:00","twitter_card":"summary_large_image","schema":{"@context":"https:\/\/schema.org","@graph":[{"@type":"WebPage","@id":"https:\/\/bounciasports.com\/fr\/succes-de-lenquete\/","url":"https:\/\/bounciasports.com\/fr\/succes-de-lenquete\/","name":"Succ\u00e8s de l'enqu\u00eate - Bouncia |Inflatable Water Park Factory and Other Sports Inflatables Supplier","isPartOf":{"@id":"https:\/\/bounciasports.com\/fr\/#website"},"datePublished":"2024-02-28T08:05:44+00:00","dateModified":"2024-12-13T12:19:11+00:00","breadcrumb":{"@id":"https:\/\/bounciasports.com\/fr\/succes-de-lenquete\/#breadcrumb"},"inLanguage":"fr-FR","potentialAction":[{"@type":"ReadAction","target":["https:\/\/bounciasports.com\/fr\/succes-de-lenquete\/"]}]},{"@type":"BreadcrumbList","@id":"https:\/\/bounciasports.com\/fr\/succes-de-lenquete\/#breadcrumb","itemListElement":[{"@type":"ListItem","position":1,"name":"Home","item":"https:\/\/bounciasports.com\/fr\/"},{"@type":"ListItem","position":2,"name":"Succ\u00e8s de l&#8217;enqu\u00eate"}]},{"@type":"WebSite","@id":"https:\/\/bounciasports.com\/fr\/#website","url":"https:\/\/bounciasports.com\/fr\/","name":"Bouncia: Your Trusted Inflatable Water Park Manufacturer and Provider of Sports Inflatables","description":"","publisher":{"@id":"https:\/\/bounciasports.com\/fr\/#organization"},"alternateName":"Bouncia: Your Trusted Inflatable Water Park Manufacturer and Provider of Sports Inflatables","potentialAction":[{"@type":"SearchAction","target":{"@type":"EntryPoint","urlTemplate":"https:\/\/bounciasports.com\/fr\/?s={search_term_string}"},"query-input":{"@type":"PropertyValueSpecification","valueRequired":true,"valueName":"search_term_string"}}],"inLanguage":"fr-FR"},{"@type":"Organization","@id":"https:\/\/bounciasports.com\/fr\/#organization","name":"Bouncia Sports","url":"https:\/\/bounciasports.com\/fr\/","logo":{"@type":"ImageObject","inLanguage":"fr-FR","@id":"https:\/\/bounciasports.com\/fr\/#\/schema\/logo\/image\/","url":"https:\/\/bounciasports.com\/wp-content\/uploads\/2024\/05\/layer-75.webp","contentUrl":"https:\/\/bounciasports.com\/wp-content\/uploads\/2024\/05\/layer-75.webp","width":77,"height":73,"caption":"Bouncia Sports"},"image":{"@id":"https:\/\/bounciasports.com\/fr\/#\/schema\/logo\/image\/"},"sameAs":["https:\/\/www.facebook.com\/bounciasports"]}]}},"_links":{"self":[{"href":"https:\/\/bounciasports.com\/fr\/wp-json\/wp\/v2\/pages\/29594","targetHints":{"allow":["GET"]}}],"collection":[{"href":"https:\/\/bounciasports.com\/fr\/wp-json\/wp\/v2\/pages"}],"about":[{"href":"https:\/\/bounciasports.com\/fr\/wp-json\/wp\/v2\/types\/page"}],"author":[{"embeddable":true,"href":"https:\/\/bounciasports.com\/fr\/wp-json\/wp\/v2\/users\/1"}],"replies":[{"embeddable":true,"href":"https:\/\/bounciasports.com\/fr\/wp-json\/wp\/v2\/comments?post=29594"}],"version-history":[{"count":1,"href":"https:\/\/bounciasports.com\/fr\/wp-json\/wp\/v2\/pages\/29594\/revisions"}],"predecessor-version":[{"id":29596,"href":"https:\/\/bounciasports.com\/fr\/wp-json\/wp\/v2\/pages\/29594\/revisions\/29596"}],"wp:attachment":[{"href":"https:\/\/bounciasports.com\/fr\/wp-json\/wp\/v2\/media?parent=29594"}],"curies":[{"name":"wp","href":"https:\/\/api.w.org\/{rel}","templated":true}]}}